{"id":3875,"date":"2025-03-21T05:24:09","date_gmt":"2025-03-21T05:24:09","guid":{"rendered":"https:\/\/www.brooklynchophouse.com\/?page_id=3875"},"modified":"2025-03-25T04:45:46","modified_gmt":"2025-03-25T04:45:46","slug":"franchise-with-us","status":"publish","type":"page","link":"https:\/\/www.brooklynchophouse.com\/pt\/franchise-with-us\/","title":{"rendered":"Franchise connosco"},"content":{"rendered":"<div data-elementor-type=\"wp-page\" data-elementor-id=\"3875\" class=\"elementor elementor-3875\" data-elementor-post-type=\"page\">\n\t\t\t\t\t\t<section class=\"elementor-section elementor-top-section elementor-element elementor-element-4211e58 elementor-section-boxed elementor-section-height-default elementor-section-height-default\" data-id=\"4211e58\" data-element_type=\"section\" data-e-type=\"section\" data-settings=\"{&quot;background_background&quot;:&quot;classic&quot;}\">\n\t\t\t\t\t\t\t<div class=\"elementor-background-overlay\"><\/div>\n\t\t\t\t\t\t\t<div class=\"elementor-container elementor-column-gap-default\">\n\t\t\t\t\t<div class=\"elementor-column elementor-col-100 elementor-top-column elementor-element elementor-element-46eda34\" data-id=\"46eda34\" data-element_type=\"column\" data-e-type=\"column\">\n\t\t\t<div class=\"elementor-widget-wrap elementor-element-populated\">\n\t\t\t\t\t\t<div class=\"elementor-element elementor-element-892d2e1 elementor-widget elementor-widget-heading\" data-id=\"892d2e1\" data-element_type=\"widget\" data-e-type=\"widget\" data-widget_type=\"heading.default\">\n\t\t\t\t<div class=\"elementor-widget-container\">\n\t\t\t\t\t<h1 class=\"elementor-heading-title elementor-size-default\">Franchise connosco<\/h1>\t\t\t\t<\/div>\n\t\t\t\t<\/div>\n\t\t\t\t\t<\/div>\n\t\t<\/div>\n\t\t\t\t\t<\/div>\n\t\t<\/section>\n\t\t\t\t<section class=\"elementor-section elementor-top-section elementor-element elementor-element-3059fc0 elementor-section-boxed elementor-section-height-default elementor-section-height-default\" data-id=\"3059fc0\" data-element_type=\"section\" data-e-type=\"section\" id=\"menus\" data-settings=\"{&quot;background_background&quot;:&quot;classic&quot;}\">\n\t\t\t\t\t\t<div class=\"elementor-container elementor-column-gap-default\">\n\t\t\t\t\t<div class=\"elementor-column elementor-col-100 elementor-top-column elementor-element elementor-element-dd597a4\" data-id=\"dd597a4\" data-element_type=\"column\" data-e-type=\"column\">\n\t\t\t<div class=\"elementor-widget-wrap elementor-element-populated\">\n\t\t\t\t\t\t<div class=\"elementor-element elementor-element-f336c51 elementor-widget elementor-widget-text-editor\" data-id=\"f336c51\" data-element_type=\"widget\" data-e-type=\"widget\" data-widget_type=\"text-editor.default\">\n\t\t\t\t<div class=\"elementor-widget-container\">\n\t\t\t\t\t\t\t\t\t<p>\"Estou muito entusiasmado com a Brooklyn Dumpling Shop, a tecnologia inovadora da marca \u00e9 empolgante e a comida \u00e9 deliciosa......<\/p>\t\t\t\t\t\t\t\t<\/div>\n\t\t\t\t<\/div>\n\t\t\t\t<div class=\"elementor-element elementor-element-442f474 elementor-widget elementor-widget-text-editor\" data-id=\"442f474\" data-element_type=\"widget\" data-e-type=\"widget\" data-widget_type=\"text-editor.default\">\n\t\t\t\t<div class=\"elementor-widget-container\">\n\t\t\t\t\t\t\t\t\t\"Entrar na marca cedo \u00e9 uma decis\u00e3o muito acertada. Nos pr\u00f3ximos dois ou tr\u00eas anos, espero que vejamos muitos restaurantes autom\u00e1ticos, por isso \u00e9 \u00f3timo entrar agora neste conceito inovador.\"\nMatt Rusconi (franqueado Multi BDS do estado de Connecticut)<br>\n\ud83e\udd5f \ud83e\udd5f \ud83e\udd5f\t\t\t\t\t\t\t\t<\/div>\n\t\t\t\t<\/div>\n\t\t\t\t<div class=\"elementor-element elementor-element-0254c4e elementor-widget elementor-widget-text-editor\" data-id=\"0254c4e\" data-element_type=\"widget\" data-e-type=\"widget\" data-widget_type=\"text-editor.default\">\n\t\t\t\t<div class=\"elementor-widget-container\">\n\t\t\t\t\t\t\t\t\t\"Uma colher de ch\u00e1 de inspira\u00e7\u00e3o, um copo meio cheio de motiva\u00e7\u00e3o, uma m\u00e3o cheia de dedica\u00e7\u00e3o aos detalhes, 3 gera\u00e7\u00f5es de ambi\u00e7\u00e3o e muito amor, \u00e9 o que eu chamaria de receita para o sucesso.\"\t\t\t\t\t\t\t\t<\/div>\n\t\t\t\t<\/div>\n\t\t\t\t<div class=\"elementor-element elementor-element-820cccb elementor-widget elementor-widget-text-editor\" data-id=\"820cccb\" data-element_type=\"widget\" data-e-type=\"widget\" data-widget_type=\"text-editor.default\">\n\t\t\t\t<div class=\"elementor-widget-container\">\n\t\t\t\t\t\t\t\t\t\"Ouvindo a hist\u00f3ria de como este conceito ganhou vida, juntamente com os mais de 100 anos de restaura\u00e7\u00e3o colectiva que a Stratis traz para este QSR, foi o suficiente para saber que este \u00e9 um vencedor. Estou muito entusiasmado por fazer parte da evolu\u00e7\u00e3o de uma das minhas comidas favoritas e por ter a oportunidade de a trazer para o meu estado natal, New Jersey.\"<br>\nNick Desai (Franchisado BDS do Estado de NJ)<br>\n\ud83e\udd5f \ud83e\udd5f \ud83e\udd5f\t\t\t\t\t\t\t\t<\/div>\n\t\t\t\t<\/div>\n\t\t\t\t\t<\/div>\n\t\t<\/div>\n\t\t\t\t\t<\/div>\n\t\t<\/section>\n\t\t\t\t<\/div>","protected":false},"excerpt":{"rendered":"<p>Franchise With Us \u201cI am very excited about Brooklyn Dumpling Shop, the brand\u2019s innovative technology is exciting and the food is delicious\u2026\u2026 \u201cGetting into the brand early is a very wise decision. In the next two or three years, I expect we will see a lot of automat restaurants, so it\u2019s great to jump on <a class=\"more-link\" aria-label=\"Read more about Franchise With Us\" href=\"https:\/\/www.brooklynchophouse.com\/pt\/franchise-with-us\/\">Read More \u00bb<\/a><\/p>","protected":false},"author":1,"featured_media":0,"parent":0,"menu_order":0,"comment_status":"closed","ping_status":"closed","template":"","meta":{"footnotes":""},"class_list":["post-3875","page","type-page","status-publish","hentry"],"aioseo_notices":[],"_links":{"self":[{"href":"https:\/\/www.brooklynchophouse.com\/pt\/wp-json\/wp\/v2\/pages\/3875","targetHints":{"allow":["GET"]}}],"collection":[{"href":"https:\/\/www.brooklynchophouse.com\/pt\/wp-json\/wp\/v2\/pages"}],"about":[{"href":"https:\/\/www.brooklynchophouse.com\/pt\/wp-json\/wp\/v2\/types\/page"}],"author":[{"embeddable":true,"href":"https:\/\/www.brooklynchophouse.com\/pt\/wp-json\/wp\/v2\/users\/1"}],"replies":[{"embeddable":true,"href":"https:\/\/www.brooklynchophouse.com\/pt\/wp-json\/wp\/v2\/comments?post=3875"}],"version-history":[{"count":0,"href":"https:\/\/www.brooklynchophouse.com\/pt\/wp-json\/wp\/v2\/pages\/3875\/revisions"}],"wp:attachment":[{"href":"https:\/\/www.brooklynchophouse.com\/pt\/wp-json\/wp\/v2\/media?parent=3875"}],"curies":[{"name":"wp","href":"https:\/\/api.w.org\/{rel}","templated":true}]}}